{"id":27174,"date":"2026-03-17T13:47:55","date_gmt":"2026-03-17T13:47:55","guid":{"rendered":"https:\/\/nordifa.se\/?page_id=27174"},"modified":"2026-03-17T13:48:23","modified_gmt":"2026-03-17T13:48:23","slug":"visselblasning","status":"publish","type":"page","link":"https:\/\/nordifa.se\/en\/visselblasning\/","title":{"rendered":"Visselbl\u00e5sning"},"content":{"rendered":"<p>[et_pb_section fb_built=&#8221;1&#8243; theme_builder_area=&#8221;post_content&#8221; _builder_version=&#8221;4.27.6&#8243; _module_preset=&#8221;default&#8221;][et_pb_row _builder_version=&#8221;4.27.6&#8243; _module_preset=&#8221;default&#8221; theme_builder_area=&#8221;post_content&#8221; max_width=&#8221;1000px&#8221; hover_enabled=&#8221;0&#8243; sticky_enabled=&#8221;0&#8243;][et_pb_column _builder_version=&#8221;4.27.6&#8243; _module_preset=&#8221;default&#8221; type=&#8221;4_4&#8243; theme_builder_area=&#8221;post_content&#8221;][et_pb_text _builder_version=&#8221;4.27.6&#8243; _module_preset=&#8221;default&#8221; theme_builder_area=&#8221;post_content&#8221; hover_enabled=&#8221;0&#8243; sticky_enabled=&#8221;0&#8243; global_colors_info=&#8221;{%22gcid-ded5ebd0-f03c-43f3-9033-65f276802cab%22:%91%22link_text_color%22%93}&#8221; link_text_color=&#8221;gcid-ded5ebd0-f03c-43f3-9033-65f276802cab&#8221;]<\/p>\n<h1><strong>Visselbl\u00e5sning<\/strong><\/h1>\n<p>Nordifa str\u00e4var efter att ha ett \u00f6ppet f\u00f6retagsklimat. V\u00e5ra medarbetare, kunder och leverant\u00f6rer \u00e4r v\u00e5ra viktigaste k\u00e4llor till insikt om eventuella brister som m\u00e5ste r\u00e4ttas till. Den som misst\u00e4nker en oegentlighet, som strider mot lagar och regler ska ha m\u00f6jlighet att komma till tals utan r\u00e4dsla f\u00f6r repressalier. Du kan v\u00e4lja att l\u00e4mna dina uppgifter anonymt. F\u00f6r att skydda uppgiftsl\u00e4mnare finns Nordifas Policy f\u00f6r Visselbl\u00e5sning med tillh\u00f6rande rapporteringsfunktion.<\/p>\n<p><strong>Vad kan anm\u00e4las?<\/strong><br \/>\nVia detta system kan misstanke om allvarliga oegentligheter rapporteras. Hit r\u00e4knas bland annat:<\/p>\n<ul>\n<li>Ekonomisk brottslighet s\u00e5som mutor, bestickning, st\u00f6ld, bedr\u00e4geri och f\u00f6rfalskning, bokf\u00f6ringsbrott och annan \u00f6vertr\u00e4delse av redovisnings- och skattelagstiftning<\/li>\n<li>En intressekonflikt mellan en anst\u00e4lld och Nordifa eller andra allvarliga oegentligheter som r\u00f6r Nordifas vitala intressen eller enskildas liv och h\u00e4lsa, som till exempel allvarliga milj\u00f6brott, stora brister i s\u00e4kerheten p\u00e5 en arbetsplats och mycket allvarliga former av diskriminering och trakasserier.<\/li>\n<\/ul>\n<p><strong>Vem kan anm\u00e4la?<\/strong><br \/>\nRapporteringsrutinen kan anv\u00e4ndas av samtliga anst\u00e4llda (oavsett anst\u00e4llningsform). \u00c4ven kunder, leverant\u00f6rer eller andra intressenter kan anv\u00e4nda systemet.<\/p>\n<p><strong>Hur g\u00f6rs en anm\u00e4lan?<\/strong><\/p>\n<ul>\n<li>Alternativ 1: Rapportera till en chef inom Nordifas organisation eller koncernledningen.<\/li>\n<li>Alternativ 2: Rapportera anonymt genom rapporteringsverktyget f\u00f6r Visselbl\u00e5sning.<\/li>\n<li>Alternativ 3: Rapportera muntligt genom att ringa 070-5905427.<\/li>\n<li>Alternativ 4: Rapportera genom fysiskt m\u00f6te. Boka m\u00f6te genom att ringa Mindgear p\u00e5 nummer: 070-5905427.<\/li>\n<\/ul>\n<p><strong>Hur anm\u00e4ls andra \u00e4renden?<\/strong><br \/>\nAndra typer av \u00e4renden s\u00e5som tvister, fel, reklamationer, mindre brott samt trakasserier, mobbning, missn\u00f6je med l\u00f6n och liknande ska inte anm\u00e4las via detta system. Dessa \u00e4renden ska i f\u00f6rsta hand rapporteras till n\u00e4rmaste chef eller p\u00e5 s\u00e5dant s\u00e4tt som Nordifas \u00f6vriga rutiner anger.<\/p>\n<p><strong>Rapporteringsverktyget<\/strong><br \/>\nF\u00f6r att trygga din anonymitet tillhandah\u00e5lls ett rapporteringsverktyg av en extern och oberoende akt\u00f6r. Rapporteringskanalen \u00e4r krypterad och l\u00f6senordskyddad. Du beh\u00f6ver aldrig uppge din identitet, om du inte vill.<\/p>\n<p>Du beh\u00f6ver inte ha bevis f\u00f6r din misstanke, men ingen anklagelse f\u00e5r g\u00f6ras med skadligt upps\u00e5t eller med vetskap om att anklagelsen \u00e4r falsk. Det \u00e4r viktigt att du beskriver all fakta i \u00e4rendet, inklusive de f\u00f6rh\u00e5llanden som du tror \u00e4r mindre viktiga. V\u00e4nligen utveckla ditt p\u00e5st\u00e5ende noggrant och bifoga allt som kan ha relevans.<\/p>\n<p><strong>Vem tar emot anm\u00e4lan?<\/strong><br \/>\nI visselbl\u00e5sar\u00e4renden samarbetar Nordifa med Mindgear som \u00e4r en utomst\u00e5ende och oberoende akt\u00f6r. Alla anm\u00e4lningar tas emot och hanteras av Mindgear. Efter att anm\u00e4lan har gjorts och uppgifterna bekr\u00e4ftats vara relevanta, i ett visselbl\u00e5sar\u00e4rende, kommer anm\u00e4laren att inom 7 dagar meddelas att anm\u00e4lan tagits emot. Anm\u00e4lan l\u00e4mnas d\u00e4refter till en s\u00e4rskilt utsedd person p\u00e5 Nordifa och beslut fattas om vidare handl\u00e4ggning. Utsedda personer p\u00e5 Nordifa \u00e4r personalchef och VD.<\/p>\n<p>Information om hur \u00e4rendet f\u00f6ljs upp l\u00e4mnas senast inom 3 m\u00e5nader till den som gjort anm\u00e4lan. Nordifa kan \u00e4ven beg\u00e4ra att \u00e4rendet utf\u00f6rs av erfarna och v\u00e4lutbildade utredare hos Mindgear, H\u00e4r sker utredningsarbetet enligt s\u00e4rskilda rutiner medan uppgifterna hanteras i s\u00e4kra \u00e4rendehanteringssystem. Inga uppgifter om anm\u00e4laren kommer att avsl\u00f6jas s\u00e5vida du som anm\u00e4lare inte gett ditt godk\u00e4nnande till detta. Du v\u00e4ljer sj\u00e4lv om du vill vara helt anonym f\u00f6r Mindgears utredare, eller om du vill s\u00e4ga vem du \u00e4r.<\/p>\n<p><strong>\u00c5terkoppling<\/strong><br \/>\nDu kan f\u00f6lja upp ditt \u00e4rende\u00a0med det anv\u00e4ndarnamn och l\u00f6senord som du f\u00e5r n\u00e4r du genomf\u00f6r din vissling. Logga g\u00e4rna in regelbundet eftersom utredarna kan komma att beh\u00f6va st\u00e4lla kompletterande fr\u00e5gor till dig, och i vissa fall vilja agera s\u00e5 snabbt som m\u00f6jligt.<\/p>\n<p>Visselbl\u00e5s genom l\u00e4nken:<span>\u00a0<\/span><a href=\"https:\/\/app.prewoe.com\/whistleblower\/company\/nordifa\" target=\"_blank\">Nordifa visselbl\u00e5sartj\u00e4nst<\/a>[\/et_pb_text][\/et_pb_column][\/et_pb_row][\/et_pb_section]<\/p>\n","protected":false},"excerpt":{"rendered":"<p>Visselbl\u00e5sning Nordifa str\u00e4var efter att ha ett \u00f6ppet f\u00f6retagsklimat. V\u00e5ra medarbetare, kunder och leverant\u00f6rer \u00e4r v\u00e5ra viktigaste k\u00e4llor till insikt om eventuella brister som m\u00e5ste r\u00e4ttas till. Den som misst\u00e4nker en oegentlighet, som strider mot lagar och regler ska ha m\u00f6jlighet att komma till tals utan r\u00e4dsla f\u00f6r repressalier. Du kan v\u00e4lja att l\u00e4mna dina [&hellip;]<\/p>\n","protected":false},"author":2,"featured_media":0,"parent":0,"menu_order":0,"comment_status":"closed","ping_status":"closed","template":"","meta":{"_acf_changed":false,"_et_pb_use_builder":"on","_et_pb_old_content":"","_et_gb_content_width":"","inline_featured_image":false,"footnotes":""},"class_list":["post-27174","page","type-page","status-publish","hentry"],"acf":[],"yoast_head":"<!-- This site is optimized with the Yoast SEO plugin v27.2 - https:\/\/yoast.com\/product\/yoast-seo-wordpress\/ -->\n<title>Visselbl\u00e5sning - Nordifa<\/title>\n<meta name=\"robots\" content=\"index, follow, max-snippet:-1, max-image-preview:large, max-video-preview:-1\" \/>\n<link rel=\"canonical\" href=\"https:\/\/nordifa.se\/en\/visselblasning\/\" \/>\n<meta property=\"og:locale\" content=\"en_GB\" \/>\n<meta property=\"og:type\" content=\"article\" \/>\n<meta property=\"og:title\" content=\"Visselbl\u00e5sning - Nordifa\" \/>\n<meta property=\"og:url\" content=\"https:\/\/nordifa.se\/en\/visselblasning\/\" \/>\n<meta property=\"og:site_name\" content=\"Nordifa\" \/>\n<meta property=\"article:modified_time\" content=\"2026-03-17T13:48:23+00:00\" \/>\n<meta name=\"twitter:card\" content=\"summary_large_image\" \/>\n<script type=\"application\/ld+json\" class=\"yoast-schema-graph\">{\"@context\":\"https:\/\/schema.org\",\"@graph\":[{\"@type\":\"WebPage\",\"@id\":\"https:\/\/nordifa.se\/visselblasning\/\",\"url\":\"https:\/\/nordifa.se\/visselblasning\/\",\"name\":\"Visselbl\u00e5sning - Nordifa\",\"isPartOf\":{\"@id\":\"https:\/\/nordifa.se\/#website\"},\"datePublished\":\"2026-03-17T13:47:55+00:00\",\"dateModified\":\"2026-03-17T13:48:23+00:00\",\"breadcrumb\":{\"@id\":\"https:\/\/nordifa.se\/visselblasning\/#breadcrumb\"},\"inLanguage\":\"en-GB\",\"potentialAction\":[{\"@type\":\"ReadAction\",\"target\":[\"https:\/\/nordifa.se\/visselblasning\/\"]}]},{\"@type\":\"BreadcrumbList\",\"@id\":\"https:\/\/nordifa.se\/visselblasning\/#breadcrumb\",\"itemListElement\":[{\"@type\":\"ListItem\",\"position\":1,\"name\":\"Home\",\"item\":\"https:\/\/nordifa.se\/\"},{\"@type\":\"ListItem\",\"position\":2,\"name\":\"Visselbl\u00e5sning\"}]},{\"@type\":\"WebSite\",\"@id\":\"https:\/\/nordifa.se\/#website\",\"url\":\"https:\/\/nordifa.se\/\",\"name\":\"Nordifa\",\"description\":\"Fr\u00e5n fiber till funktion\",\"potentialAction\":[{\"@type\":\"SearchAction\",\"target\":{\"@type\":\"EntryPoint\",\"urlTemplate\":\"https:\/\/nordifa.se\/?s={search_term_string}\"},\"query-input\":{\"@type\":\"PropertyValueSpecification\",\"valueRequired\":true,\"valueName\":\"search_term_string\"}}],\"inLanguage\":\"en-GB\"}]}<\/script>\n<!-- \/ Yoast SEO plugin. -->","yoast_head_json":{"title":"Visselbl\u00e5sning - Nordifa","robots":{"index":"index","follow":"follow","max-snippet":"max-snippet:-1","max-image-preview":"max-image-preview:large","max-video-preview":"max-video-preview:-1"},"canonical":"https:\/\/nordifa.se\/en\/visselblasning\/","og_locale":"en_GB","og_type":"article","og_title":"Visselbl\u00e5sning - Nordifa","og_url":"https:\/\/nordifa.se\/en\/visselblasning\/","og_site_name":"Nordifa","article_modified_time":"2026-03-17T13:48:23+00:00","twitter_card":"summary_large_image","schema":{"@context":"https:\/\/schema.org","@graph":[{"@type":"WebPage","@id":"https:\/\/nordifa.se\/visselblasning\/","url":"https:\/\/nordifa.se\/visselblasning\/","name":"Visselbl\u00e5sning - Nordifa","isPartOf":{"@id":"https:\/\/nordifa.se\/#website"},"datePublished":"2026-03-17T13:47:55+00:00","dateModified":"2026-03-17T13:48:23+00:00","breadcrumb":{"@id":"https:\/\/nordifa.se\/visselblasning\/#breadcrumb"},"inLanguage":"en-GB","potentialAction":[{"@type":"ReadAction","target":["https:\/\/nordifa.se\/visselblasning\/"]}]},{"@type":"BreadcrumbList","@id":"https:\/\/nordifa.se\/visselblasning\/#breadcrumb","itemListElement":[{"@type":"ListItem","position":1,"name":"Home","item":"https:\/\/nordifa.se\/"},{"@type":"ListItem","position":2,"name":"Visselbl\u00e5sning"}]},{"@type":"WebSite","@id":"https:\/\/nordifa.se\/#website","url":"https:\/\/nordifa.se\/","name":"Nordifa","description":"From fibre to function","potentialAction":[{"@type":"SearchAction","target":{"@type":"EntryPoint","urlTemplate":"https:\/\/nordifa.se\/?s={search_term_string}"},"query-input":{"@type":"PropertyValueSpecification","valueRequired":true,"valueName":"search_term_string"}}],"inLanguage":"en-GB"}]}},"featured_image_src":null,"featured_image_src_square":null,"_links":{"self":[{"href":"https:\/\/nordifa.se\/en\/wp-json\/wp\/v2\/pages\/27174","targetHints":{"allow":["GET"]}}],"collection":[{"href":"https:\/\/nordifa.se\/en\/wp-json\/wp\/v2\/pages"}],"about":[{"href":"https:\/\/nordifa.se\/en\/wp-json\/wp\/v2\/types\/page"}],"author":[{"embeddable":true,"href":"https:\/\/nordifa.se\/en\/wp-json\/wp\/v2\/users\/2"}],"replies":[{"embeddable":true,"href":"https:\/\/nordifa.se\/en\/wp-json\/wp\/v2\/comments?post=27174"}],"version-history":[{"count":0,"href":"https:\/\/nordifa.se\/en\/wp-json\/wp\/v2\/pages\/27174\/revisions"}],"wp:attachment":[{"href":"https:\/\/nordifa.se\/en\/wp-json\/wp\/v2\/media?parent=27174"}],"curies":[{"name":"wp","href":"https:\/\/api.w.org\/{rel}","templated":true}]}}