{"id":27066,"date":"2026-02-09T12:01:44","date_gmt":"2026-02-09T12:01:44","guid":{"rendered":"https:\/\/nordifa.se\/?page_id=27066"},"modified":"2026-03-10T09:51:03","modified_gmt":"2026-03-10T09:51:03","slug":"dokumentation","status":"publish","type":"page","link":"https:\/\/nordifa.se\/en\/dokumentation\/","title":{"rendered":"Documentation"},"content":{"rendered":"<p>[et_pb_section fb_built=&#8221;1&#8243; _builder_version=&#8221;4.27.5&#8243; _module_preset=&#8221;default&#8221; global_colors_info=&#8221;{}&#8221;][et_pb_row _builder_version=&#8221;4.27.5&#8243; _module_preset=&#8221;default&#8221; max_width=&#8221;1000px&#8221; global_colors_info=&#8221;{}&#8221;][et_pb_column type=&#8221;4_4&#8243; _builder_version=&#8221;4.27.5&#8243; _module_preset=&#8221;default&#8221; global_colors_info=&#8221;{}&#8221;][et_pb_text _builder_version=&#8221;4.27.5&#8243; _module_preset=&#8221;default&#8221; global_colors_info=&#8221;{}&#8221;]<\/p>\n<h1>Nordifa dokumentation &amp; broschyrer<\/h1>\n<p>[\/et_pb_text][et_pb_text _builder_version=&#8221;4.27.5&#8243; _module_preset=&#8221;default&#8221; custom_margin=&#8221;||0px||false|false&#8221; custom_padding=&#8221;|30px|40px|30px|false|true&#8221; border_width_bottom=&#8221;1px&#8221; global_colors_info=&#8221;{}&#8221;]<\/p>\n<h4>Textila Maskinkomponenter<\/h4>\n<p><i class=\"fa-solid fa-file\"><\/i> <a href=\"https:\/\/nordifa.se\/wp-content\/uploads\/2026\/02\/11.-Nordifa-Textila-Maskinkomponenter.pdf\" target=\"_blank\" rel=\"noopener\">Textila Maskinkomponenter \u2013 svenska<\/a><\/p>\n<p><i class=\"fa-solid fa-file\"><\/i> <a href=\"https:\/\/nordifa.se\/wp-content\/uploads\/2026\/02\/12.-Nordifa-Textile-Machine-Components.pdf\" target=\"_blank\" rel=\"noopener\">Textile Machine Components \u2013 Engelska<\/a><\/p>\n<p>[\/et_pb_text][et_pb_text _builder_version=&#8221;4.27.5&#8243; _module_preset=&#8221;default&#8221; custom_margin=&#8221;||0px||false|false&#8221; custom_padding=&#8221;40px|30px|40px|30px|true|true&#8221; border_width_bottom=&#8221;1px&#8221; global_colors_info=&#8221;{}&#8221;]<\/p>\n<h4>Filtrering och Industrif\u00f6rn\u00f6denheter<\/h4>\n<p><i class=\"fa-solid fa-file\"><\/i> <a href=\"https:\/\/nordifa.se\/wp-content\/uploads\/2026\/02\/7.-Nordifa-Filtrering.pdf\" target=\"_blank\" rel=\"noopener\">Filtrering \u2013 Svenska<\/a><\/p>\n<p><i class=\"fa-solid fa-file\"><\/i> <a href=\"https:\/\/nordifa.se\/wp-content\/uploads\/2026\/02\/8.-Nordifa-Filtration.pdf\" target=\"_blank\" rel=\"noopener\">Filtration \u2013 Engelska<\/a><\/p>\n<p><i class=\"fa-solid fa-file\"><\/i> <a href=\"https:\/\/nordifa.se\/wp-content\/uploads\/2026\/02\/Folder-Filtech-eng.pdf\" target=\"_blank\" rel=\"noopener\">Nordifa Broschyr filtrering \u2013 Engelska<\/a><\/p>\n<p>[\/et_pb_text][et_pb_text _builder_version=&#8221;4.27.5&#8243; _module_preset=&#8221;default&#8221; custom_margin=&#8221;||0px||false|false&#8221; custom_padding=&#8221;40px|30px|40px|30px|true|true&#8221; border_width_bottom=&#8221;1px&#8221; global_colors_info=&#8221;{}&#8221;]<\/p>\n<h4>M\u00f6bel, inredning och akustik<\/h4>\n<p><i class=\"fa-solid fa-file\"><\/i> <a href=\"https:\/\/nordifa.se\/wp-content\/uploads\/2026\/02\/Nordifa-Felt.pdf\" target=\"_blank\" rel=\"noopener\">Felt \u2013 Engelska<\/a><\/p>\n<p><i class=\"fa-solid fa-file\"><\/i> <a href=\"https:\/\/nordifa.se\/wp-content\/uploads\/2026\/02\/Nordifa-Mobelmassan.pdf\" target=\"_blank\" rel=\"noopener\">Vad kan DU skapa av formpressad filt? \u2013 Svenska<\/a><\/p>\n<p>[\/et_pb_text][et_pb_text _builder_version=&#8221;4.27.5&#8243; _module_preset=&#8221;default&#8221; custom_margin=&#8221;||0px||false|false&#8221; custom_padding=&#8221;40px|30px|40px|30px|true|true&#8221; border_width_bottom=&#8221;1px&#8221; global_colors_info=&#8221;{}&#8221;]<\/p>\n<h4>Sportgolv och ist\u00e4ckning<\/h4>\n<p><i class=\"fa-solid fa-file\"><\/i> <a href=\"https:\/\/nordifa.se\/wp-content\/uploads\/2026\/02\/9.-Rinktex-folder-SV.pdf\" target=\"_blank\" rel=\"noopener\">Rinktex \u2013 Svenska<\/a><\/p>\n<p><i class=\"fa-solid fa-file\"><\/i> <a href=\"https:\/\/nordifa.se\/wp-content\/uploads\/2026\/02\/Rinktex-folder-ENG.pdf\" target=\"_blank\" rel=\"noopener\">Rinktex \u2013 Engelska<\/a><\/p>\n<p><i class=\"fa-solid fa-file\"><\/i> <a href=\"https:\/\/nordifa.se\/wp-content\/uploads\/2026\/02\/Rinktex-folder-FI.pdf\" target=\"_blank\" rel=\"noopener\">Rinktex \u2013 Finska<\/a><\/p>\n<p>[\/et_pb_text][et_pb_text _builder_version=&#8221;4.27.5&#8243; _module_preset=&#8221;default&#8221; custom_margin=&#8221;||0px||false|false&#8221; custom_padding=&#8221;40px|30px|40px|30px|true|true&#8221; hover_enabled=&#8221;0&#8243; border_width_bottom=&#8221;1px&#8221; global_colors_info=&#8221;{}&#8221; sticky_enabled=&#8221;0&#8243;]<\/p>\n<h4>Nordifa f\u00f6retagsbroschyr<\/h4>\n<p><i class=\"fa-solid fa-file\"><\/i> <a href=\"https:\/\/nordifa.se\/wp-content\/uploads\/2026\/02\/1.-Nordifa-Foretagsbrochyr.pdf\" target=\"_blank\" rel=\"noopener\">Nordifa f\u00f6retagsbroschyr \u2013 Svenska<\/a><\/p>\n<p><i class=\"fa-solid fa-file\"><\/i> <a href=\"https:\/\/nordifa.se\/wp-content\/uploads\/2026\/02\/2.-Nordifa-Company-Brochure.pdf\" target=\"_blank\" rel=\"noopener\">Nordifa Company Brochure \u2013 Engelska<\/a><\/p>\n<p>[\/et_pb_text][\/et_pb_column][\/et_pb_row][\/et_pb_section]<\/p>\n","protected":false},"excerpt":{"rendered":"<p>Nordifa dokumentation &amp; broschyrerTextila Maskinkomponenter Textila Maskinkomponenter \u2013 svenska Textile Machine Components \u2013 EngelskaFiltrering och Industrif\u00f6rn\u00f6denheter Filtrering \u2013 Svenska Filtration \u2013 Engelska Nordifa Broschyr filtrering \u2013 EngelskaM\u00f6bel, inredning och akustik Felt \u2013 Engelska Vad kan DU skapa av formpressad filt? \u2013 SvenskaSportgolv och ist\u00e4ckning Rinktex \u2013 Svenska Rinktex \u2013 Engelska Rinktex \u2013 FinskaNordifa f\u00f6retagsbroschyr Nordifa [&hellip;]<\/p>\n","protected":false},"author":2,"featured_media":0,"parent":0,"menu_order":0,"comment_status":"closed","ping_status":"closed","template":"","meta":{"_acf_changed":false,"_et_pb_use_builder":"on","_et_pb_old_content":"","_et_gb_content_width":"","inline_featured_image":false,"footnotes":""},"class_list":["post-27066","page","type-page","status-publish","hentry"],"acf":[],"yoast_head":"<!-- This site is optimized with the Yoast SEO plugin v27.4 - https:\/\/yoast.com\/product\/yoast-seo-wordpress\/ -->\n<title>Dokumentation - Nordifa<\/title>\n<meta name=\"description\" content=\"H\u00e4r hittar du dokumentation, certifikat och tekniska specifikationer f\u00f6r Nordifa. Vi s\u00e4kerst\u00e4ller kvalitet och milj\u00f6 genom ISO-certifierade processer i Halmstad.\" \/>\n<meta name=\"robots\" content=\"index, follow, max-snippet:-1, max-image-preview:large, max-video-preview:-1\" \/>\n<link rel=\"canonical\" href=\"https:\/\/nordifa.se\/en\/dokumentation\/\" \/>\n<meta property=\"og:locale\" content=\"en_GB\" \/>\n<meta property=\"og:type\" content=\"article\" \/>\n<meta property=\"og:title\" content=\"Dokumentation - Nordifa\" \/>\n<meta property=\"og:description\" content=\"H\u00e4r hittar du dokumentation, certifikat och tekniska specifikationer f\u00f6r Nordifa. Vi s\u00e4kerst\u00e4ller kvalitet och milj\u00f6 genom ISO-certifierade processer i Halmstad.\" \/>\n<meta property=\"og:url\" content=\"https:\/\/nordifa.se\/en\/dokumentation\/\" \/>\n<meta property=\"og:site_name\" content=\"Nordifa\" \/>\n<meta property=\"article:modified_time\" content=\"2026-03-10T09:51:03+00:00\" \/>\n<meta name=\"twitter:card\" content=\"summary_large_image\" \/>\n<script type=\"application\/ld+json\" class=\"yoast-schema-graph\">{\"@context\":\"https:\\\/\\\/schema.org\",\"@graph\":[{\"@type\":\"WebPage\",\"@id\":\"https:\\\/\\\/nordifa.se\\\/dokumentation\\\/\",\"url\":\"https:\\\/\\\/nordifa.se\\\/dokumentation\\\/\",\"name\":\"Dokumentation - Nordifa\",\"isPartOf\":{\"@id\":\"https:\\\/\\\/nordifa.se\\\/#website\"},\"datePublished\":\"2026-02-09T12:01:44+00:00\",\"dateModified\":\"2026-03-10T09:51:03+00:00\",\"description\":\"H\u00e4r hittar du dokumentation, certifikat och tekniska specifikationer f\u00f6r Nordifa. Vi s\u00e4kerst\u00e4ller kvalitet och milj\u00f6 genom ISO-certifierade processer i Halmstad.\",\"breadcrumb\":{\"@id\":\"https:\\\/\\\/nordifa.se\\\/dokumentation\\\/#breadcrumb\"},\"inLanguage\":\"en-GB\",\"potentialAction\":[{\"@type\":\"ReadAction\",\"target\":[\"https:\\\/\\\/nordifa.se\\\/dokumentation\\\/\"]}]},{\"@type\":\"BreadcrumbList\",\"@id\":\"https:\\\/\\\/nordifa.se\\\/dokumentation\\\/#breadcrumb\",\"itemListElement\":[{\"@type\":\"ListItem\",\"position\":1,\"name\":\"Home\",\"item\":\"https:\\\/\\\/nordifa.se\\\/\"},{\"@type\":\"ListItem\",\"position\":2,\"name\":\"Dokumentation\"}]},{\"@type\":\"WebSite\",\"@id\":\"https:\\\/\\\/nordifa.se\\\/#website\",\"url\":\"https:\\\/\\\/nordifa.se\\\/\",\"name\":\"Nordifa\",\"description\":\"Fr\u00e5n fiber till funktion\",\"potentialAction\":[{\"@type\":\"SearchAction\",\"target\":{\"@type\":\"EntryPoint\",\"urlTemplate\":\"https:\\\/\\\/nordifa.se\\\/?s={search_term_string}\"},\"query-input\":{\"@type\":\"PropertyValueSpecification\",\"valueRequired\":true,\"valueName\":\"search_term_string\"}}],\"inLanguage\":\"en-GB\"}]}<\/script>\n<!-- \/ Yoast SEO plugin. -->","yoast_head_json":{"title":"Dokumentation - Nordifa","description":"H\u00e4r hittar du dokumentation, certifikat och tekniska specifikationer f\u00f6r Nordifa. Vi s\u00e4kerst\u00e4ller kvalitet och milj\u00f6 genom ISO-certifierade processer i Halmstad.","robots":{"index":"index","follow":"follow","max-snippet":"max-snippet:-1","max-image-preview":"max-image-preview:large","max-video-preview":"max-video-preview:-1"},"canonical":"https:\/\/nordifa.se\/en\/dokumentation\/","og_locale":"en_GB","og_type":"article","og_title":"Dokumentation - Nordifa","og_description":"H\u00e4r hittar du dokumentation, certifikat och tekniska specifikationer f\u00f6r Nordifa. Vi s\u00e4kerst\u00e4ller kvalitet och milj\u00f6 genom ISO-certifierade processer i Halmstad.","og_url":"https:\/\/nordifa.se\/en\/dokumentation\/","og_site_name":"Nordifa","article_modified_time":"2026-03-10T09:51:03+00:00","twitter_card":"summary_large_image","schema":{"@context":"https:\/\/schema.org","@graph":[{"@type":"WebPage","@id":"https:\/\/nordifa.se\/dokumentation\/","url":"https:\/\/nordifa.se\/dokumentation\/","name":"Dokumentation - Nordifa","isPartOf":{"@id":"https:\/\/nordifa.se\/#website"},"datePublished":"2026-02-09T12:01:44+00:00","dateModified":"2026-03-10T09:51:03+00:00","description":"H\u00e4r hittar du dokumentation, certifikat och tekniska specifikationer f\u00f6r Nordifa. Vi s\u00e4kerst\u00e4ller kvalitet och milj\u00f6 genom ISO-certifierade processer i Halmstad.","breadcrumb":{"@id":"https:\/\/nordifa.se\/dokumentation\/#breadcrumb"},"inLanguage":"en-GB","potentialAction":[{"@type":"ReadAction","target":["https:\/\/nordifa.se\/dokumentation\/"]}]},{"@type":"BreadcrumbList","@id":"https:\/\/nordifa.se\/dokumentation\/#breadcrumb","itemListElement":[{"@type":"ListItem","position":1,"name":"Home","item":"https:\/\/nordifa.se\/"},{"@type":"ListItem","position":2,"name":"Dokumentation"}]},{"@type":"WebSite","@id":"https:\/\/nordifa.se\/#website","url":"https:\/\/nordifa.se\/","name":"Nordifa","description":"From fibre to function","potentialAction":[{"@type":"SearchAction","target":{"@type":"EntryPoint","urlTemplate":"https:\/\/nordifa.se\/?s={search_term_string}"},"query-input":{"@type":"PropertyValueSpecification","valueRequired":true,"valueName":"search_term_string"}}],"inLanguage":"en-GB"}]}},"featured_image_src":null,"featured_image_src_square":null,"_links":{"self":[{"href":"https:\/\/nordifa.se\/en\/wp-json\/wp\/v2\/pages\/27066","targetHints":{"allow":["GET"]}}],"collection":[{"href":"https:\/\/nordifa.se\/en\/wp-json\/wp\/v2\/pages"}],"about":[{"href":"https:\/\/nordifa.se\/en\/wp-json\/wp\/v2\/types\/page"}],"author":[{"embeddable":true,"href":"https:\/\/nordifa.se\/en\/wp-json\/wp\/v2\/users\/2"}],"replies":[{"embeddable":true,"href":"https:\/\/nordifa.se\/en\/wp-json\/wp\/v2\/comments?post=27066"}],"version-history":[{"count":0,"href":"https:\/\/nordifa.se\/en\/wp-json\/wp\/v2\/pages\/27066\/revisions"}],"wp:attachment":[{"href":"https:\/\/nordifa.se\/en\/wp-json\/wp\/v2\/media?parent=27066"}],"curies":[{"name":"wp","href":"https:\/\/api.w.org\/{rel}","templated":true}]}}